{"id":6534,"date":"2021-09-01T11:55:26","date_gmt":"2021-09-01T11:55:26","guid":{"rendered":"https:\/\/www.lazer-lampe.com\/?post_type=product&#038;p=6534"},"modified":"2022-03-24T16:35:06","modified_gmt":"2022-03-24T16:35:06","slug":"black-lens-cover-sentinel","status":"publish","type":"product","link":"https:\/\/www.lazer-lampe.com\/en\/product\/black-lens-cover-sentinel\/","title":{"rendered":"Lentille noire &#8211; Sentinel"},"content":{"rendered":"<p id=\"tw-target-text\" class=\"tw-data-text tw-text-large tw-ta\" dir=\"ltr\" data-placeholder=\"Traduction\"><span class=\"Y2IQFc\" lang=\"fr\">Fabriqu\u00e9s en acrylique, les couvercles se fixent solidement aux lampes offrant une couche suppl\u00e9mentaire de protection ou de style aux lampes, ou dans le cas du couvercle de lentille ambre, la possibilit\u00e9 de convertir la temp\u00e9rature de couleur de la lumi\u00e8re en jaune s\u00e9lectif.<\/span><\/p>\n<ul>\n<li id=\"tw-target-text\" class=\"tw-data-text tw-text-large tw-ta\" dir=\"ltr\" data-placeholder=\"Traduction\"><span class=\"Y2IQFc\" lang=\"fr\">Cache-lentille noir \u00e0 clipser<\/span><\/li>\n<li id=\"tw-target-text\" class=\"tw-data-text tw-text-large tw-ta\" dir=\"ltr\" data-placeholder=\"Traduction\"><span class=\"Y2IQFc\" lang=\"fr\">Con\u00e7u pour \u00eatre utilis\u00e9 avec les spots LED Sentinel<\/span><\/li>\n<li id=\"tw-target-text\" class=\"tw-data-text tw-text-large tw-ta\" dir=\"ltr\" data-placeholder=\"Traduction\"><span class=\"Y2IQFc\" lang=\"fr\">Logo Lazer imprim\u00e9 sur le devant<\/span><\/li>\n<li>Fabriqu\u00e9 \u00e0 partir d&#8217;acrylique<\/li>\n<li id=\"tw-target-text\" class=\"tw-data-text tw-text-large tw-ta\" dir=\"ltr\" data-placeholder=\"Traduction\"><span class=\"Y2IQFc\" lang=\"fr\">Se fixe \u00e0 l&#8217;aide d&#8217;un m\u00e9canisme de clipsage \u00e0 3 points<\/span><\/li>\n<\/ul>\n","protected":false},"excerpt":{"rendered":"<p>Fabriqu\u00e9s en acrylique, les couvercles se fixent solidement aux lampes offrant une couche suppl\u00e9mentaire de protection ou de style aux lampes, ou dans le cas du couvercle de lentille ambre, la possibilit\u00e9 de convertir la temp\u00e9rature de couleur de la lumi\u00e8re en jaune s\u00e9lectif. Cache-lentille&#8230;<\/p>\n","protected":false},"featured_media":6535,"template":"","meta":{"pgc_sgb_lightbox_settings":""},"product_cat":[31],"product_tag":[],"class_list":["post-6534","product","type-product","status-publish","has-post-thumbnail","hentry","product_cat-accessories"],"yoast_head":"<!-- This site is optimized with the Yoast SEO plugin v17.2 - https:\/\/yoast.com\/wordpress\/plugins\/seo\/ -->\n<title>Lentille noire - Sentinel - Modulauto<\/title>\n<meta name=\"robots\" content=\"index, follow, max-snippet:-1, max-image-preview:large, max-video-preview:-1\" \/>\n<link rel=\"canonical\" href=\"https:\/\/www.lazer-lampe.com\/en\/product\/black-lens-cover-sentinel\/\" \/>\n<meta property=\"og:locale\" content=\"en_US\" \/>\n<meta property=\"og:type\" content=\"article\" \/>\n<meta property=\"og:title\" content=\"Lentille noire - Sentinel - Modulauto\" \/>\n<meta property=\"og:description\" content=\"Fabriqu\u00e9s en acrylique, les couvercles se fixent solidement aux lampes offrant une couche suppl\u00e9mentaire de protection ou de style aux lampes, ou dans le cas du couvercle de lentille ambre, la possibilit\u00e9 de convertir la temp\u00e9rature de couleur de la lumi\u00e8re en jaune s\u00e9lectif. Cache-lentille...\" \/>\n<meta property=\"og:url\" content=\"https:\/\/www.lazer-lampe.com\/en\/product\/black-lens-cover-sentinel\/\" \/>\n<meta property=\"og:site_name\" content=\"Modulauto\" \/>\n<meta property=\"article:modified_time\" content=\"2022-03-24T16:35:06+00:00\" \/>\n<meta property=\"og:image\" content=\"http:\/\/www.lazer-lampe.com\/wp-content\/uploads\/2021\/09\/LC-BLK-0S9.jpg\" \/>\n\t<meta property=\"og:image:width\" content=\"1000\" \/>\n\t<meta property=\"og:image:height\" content=\"750\" \/>\n<meta name=\"twitter:card\" content=\"summary_large_image\" \/>\n<meta name=\"twitter:label1\" content=\"Est. reading time\" \/>\n\t<meta name=\"twitter:data1\" content=\"1 minute\" \/>\n<script type=\"application\/ld+json\" class=\"yoast-schema-graph\">{\"@context\":\"https:\/\/schema.org\",\"@graph\":[{\"@type\":\"WebSite\",\"@id\":\"https:\/\/www.lazer-lampe.com\/#website\",\"url\":\"https:\/\/www.lazer-lampe.com\/\",\"name\":\"Modulauto\",\"description\":\"Official reseller of Lazerlamps\",\"potentialAction\":[{\"@type\":\"SearchAction\",\"target\":{\"@type\":\"EntryPoint\",\"urlTemplate\":\"https:\/\/www.lazer-lampe.com\/?s={search_term_string}\"},\"query-input\":\"required name=search_term_string\"}],\"inLanguage\":\"en-US\"},{\"@type\":\"ImageObject\",\"@id\":\"https:\/\/www.lazer-lampe.com\/en\/product\/black-lens-cover-sentinel\/#primaryimage\",\"inLanguage\":\"en-US\",\"url\":\"https:\/\/www.lazer-lampe.com\/wp-content\/uploads\/2021\/09\/LC-BLK-0S9.jpg\",\"contentUrl\":\"https:\/\/www.lazer-lampe.com\/wp-content\/uploads\/2021\/09\/LC-BLK-0S9.jpg\",\"width\":1000,\"height\":750},{\"@type\":\"WebPage\",\"@id\":\"https:\/\/www.lazer-lampe.com\/en\/product\/black-lens-cover-sentinel\/#webpage\",\"url\":\"https:\/\/www.lazer-lampe.com\/en\/product\/black-lens-cover-sentinel\/\",\"name\":\"Lentille noire - Sentinel - Modulauto\",\"isPartOf\":{\"@id\":\"https:\/\/www.lazer-lampe.com\/#website\"},\"primaryImageOfPage\":{\"@id\":\"https:\/\/www.lazer-lampe.com\/en\/product\/black-lens-cover-sentinel\/#primaryimage\"},\"datePublished\":\"2021-09-01T11:55:26+00:00\",\"dateModified\":\"2022-03-24T16:35:06+00:00\",\"breadcrumb\":{\"@id\":\"https:\/\/www.lazer-lampe.com\/en\/product\/black-lens-cover-sentinel\/#breadcrumb\"},\"inLanguage\":\"en-US\",\"potentialAction\":[{\"@type\":\"ReadAction\",\"target\":[\"https:\/\/www.lazer-lampe.com\/en\/product\/black-lens-cover-sentinel\/\"]}]},{\"@type\":\"BreadcrumbList\",\"@id\":\"https:\/\/www.lazer-lampe.com\/en\/product\/black-lens-cover-sentinel\/#breadcrumb\",\"itemListElement\":[{\"@type\":\"ListItem\",\"position\":1,\"name\":\"Home\",\"item\":\"https:\/\/www.lazer-lampe.com\/\"},{\"@type\":\"ListItem\",\"position\":2,\"name\":\"Shop\",\"item\":\"https:\/\/www.lazer-lampe.com\/shop\/\"},{\"@type\":\"ListItem\",\"position\":3,\"name\":\"Lentille noire &#8211; Sentinel\"}]}]}<\/script>\n<!-- \/ Yoast SEO plugin. -->","yoast_head_json":{"title":"Lentille noire - Sentinel - Modulauto","robots":{"index":"index","follow":"follow","max-snippet":"max-snippet:-1","max-image-preview":"max-image-preview:large","max-video-preview":"max-video-preview:-1"},"canonical":"https:\/\/www.lazer-lampe.com\/en\/product\/black-lens-cover-sentinel\/","og_locale":"en_US","og_type":"article","og_title":"Lentille noire - Sentinel - Modulauto","og_description":"Fabriqu\u00e9s en acrylique, les couvercles se fixent solidement aux lampes offrant une couche suppl\u00e9mentaire de protection ou de style aux lampes, ou dans le cas du couvercle de lentille ambre, la possibilit\u00e9 de convertir la temp\u00e9rature de couleur de la lumi\u00e8re en jaune s\u00e9lectif. Cache-lentille...","og_url":"https:\/\/www.lazer-lampe.com\/en\/product\/black-lens-cover-sentinel\/","og_site_name":"Modulauto","article_modified_time":"2022-03-24T16:35:06+00:00","og_image":[{"width":1000,"height":750,"url":"http:\/\/www.lazer-lampe.com\/wp-content\/uploads\/2021\/09\/LC-BLK-0S9.jpg","path":"\/home\/www\/lazer-lampe\/wp-content\/uploads\/2021\/09\/LC-BLK-0S9.jpg","size":"full","id":6535,"alt":"","pixels":750000,"type":"image\/jpeg"}],"twitter_card":"summary_large_image","twitter_misc":{"Est. reading time":"1 minute"},"schema":{"@context":"https:\/\/schema.org","@graph":[{"@type":"WebSite","@id":"https:\/\/www.lazer-lampe.com\/#website","url":"https:\/\/www.lazer-lampe.com\/","name":"Modulauto","description":"Official reseller of Lazerlamps","potentialAction":[{"@type":"SearchAction","target":{"@type":"EntryPoint","urlTemplate":"https:\/\/www.lazer-lampe.com\/?s={search_term_string}"},"query-input":"required name=search_term_string"}],"inLanguage":"en-US"},{"@type":"ImageObject","@id":"https:\/\/www.lazer-lampe.com\/en\/product\/black-lens-cover-sentinel\/#primaryimage","inLanguage":"en-US","url":"https:\/\/www.lazer-lampe.com\/wp-content\/uploads\/2021\/09\/LC-BLK-0S9.jpg","contentUrl":"https:\/\/www.lazer-lampe.com\/wp-content\/uploads\/2021\/09\/LC-BLK-0S9.jpg","width":1000,"height":750},{"@type":"WebPage","@id":"https:\/\/www.lazer-lampe.com\/en\/product\/black-lens-cover-sentinel\/#webpage","url":"https:\/\/www.lazer-lampe.com\/en\/product\/black-lens-cover-sentinel\/","name":"Lentille noire - Sentinel - Modulauto","isPartOf":{"@id":"https:\/\/www.lazer-lampe.com\/#website"},"primaryImageOfPage":{"@id":"https:\/\/www.lazer-lampe.com\/en\/product\/black-lens-cover-sentinel\/#primaryimage"},"datePublished":"2021-09-01T11:55:26+00:00","dateModified":"2022-03-24T16:35:06+00:00","breadcrumb":{"@id":"https:\/\/www.lazer-lampe.com\/en\/product\/black-lens-cover-sentinel\/#breadcrumb"},"inLanguage":"en-US","potentialAction":[{"@type":"ReadAction","target":["https:\/\/www.lazer-lampe.com\/en\/product\/black-lens-cover-sentinel\/"]}]},{"@type":"BreadcrumbList","@id":"https:\/\/www.lazer-lampe.com\/en\/product\/black-lens-cover-sentinel\/#breadcrumb","itemListElement":[{"@type":"ListItem","position":1,"name":"Home","item":"https:\/\/www.lazer-lampe.com\/"},{"@type":"ListItem","position":2,"name":"Shop","item":"https:\/\/www.lazer-lampe.com\/shop\/"},{"@type":"ListItem","position":3,"name":"Lentille noire &#8211; Sentinel"}]}]}},"_links":{"self":[{"href":"https:\/\/www.lazer-lampe.com\/en\/wp-json\/wp\/v2\/product\/6534","targetHints":{"allow":["GET"]}}],"collection":[{"href":"https:\/\/www.lazer-lampe.com\/en\/wp-json\/wp\/v2\/product"}],"about":[{"href":"https:\/\/www.lazer-lampe.com\/en\/wp-json\/wp\/v2\/types\/product"}],"wp:featuredmedia":[{"embeddable":true,"href":"https:\/\/www.lazer-lampe.com\/en\/wp-json\/wp\/v2\/media\/6535"}],"wp:attachment":[{"href":"https:\/\/www.lazer-lampe.com\/en\/wp-json\/wp\/v2\/media?parent=6534"}],"wp:term":[{"taxonomy":"product_cat","embeddable":true,"href":"https:\/\/www.lazer-lampe.com\/en\/wp-json\/wp\/v2\/product_cat?post=6534"},{"taxonomy":"product_tag","embeddable":true,"href":"https:\/\/www.lazer-lampe.com\/en\/wp-json\/wp\/v2\/product_tag?post=6534"}],"curies":[{"name":"wp","href":"https:\/\/api.w.org\/{rel}","templated":true}]}}