{"id":6495,"date":"2021-09-01T10:39:40","date_gmt":"2021-09-01T10:39:40","guid":{"rendered":"https:\/\/www.lazer-lampe.com\/?post_type=product&#038;p=6495"},"modified":"2022-03-24T16:46:23","modified_gmt":"2022-03-24T16:46:23","slug":"wide-mount-kit-sentinel","status":"publish","type":"product","link":"https:\/\/www.lazer-lampe.com\/en\/product\/wide-mount-kit-sentinel\/","title":{"rendered":"Kit de montage &#8220;large&#8221; (Sentinel)"},"content":{"rendered":"<p id=\"tw-target-text\" class=\"tw-data-text tw-text-large tw-ta\" dir=\"ltr\" data-placeholder=\"Traduction\"><span class=\"Y2IQFc\" lang=\"fr\">Pour un syst\u00e8me de montage plus robuste pour votre lampe Sentinel, ne cherchez pas plus loin que le kit de montage \u00ab large \u00bb. Con\u00e7u pour un look plus \u00abr\u00e9sistant\u00bb, le support est fabriqu\u00e9 en aluminium moul\u00e9 sous pression, qui subit le m\u00eame pr\u00e9traitement anticorrosion de qualit\u00e9 automobile et le m\u00eame proc\u00e9d\u00e9 de rev\u00eatement en poudre noir satin\u00e9 que les lampes elles-m\u00eames. Un logo Sentinel en relief, sur le c\u00f4t\u00e9 du support de montage, am\u00e9liore encore l&#8217;apparence du support.<\/span><\/p>\n","protected":false},"excerpt":{"rendered":"<p>Pour un syst\u00e8me de montage plus robuste pour votre lampe Sentinel, ne cherchez pas plus loin que le kit de montage \u00ab large \u00bb. Con\u00e7u pour un look plus \u00abr\u00e9sistant\u00bb, le support est fabriqu\u00e9 en aluminium moul\u00e9 sous pression, qui subit le m\u00eame pr\u00e9traitement anticorrosion&#8230;<\/p>\n","protected":false},"featured_media":6496,"template":"","meta":{"pgc_sgb_lightbox_settings":""},"product_cat":[31],"product_tag":[],"class_list":["post-6495","product","type-product","status-publish","has-post-thumbnail","hentry","product_cat-accessories"],"yoast_head":"<!-- This site is optimized with the Yoast SEO plugin v17.2 - https:\/\/yoast.com\/wordpress\/plugins\/seo\/ -->\n<title>Kit de montage &quot;large&quot; (Sentinel) - Modulauto<\/title>\n<meta name=\"robots\" content=\"index, follow, max-snippet:-1, max-image-preview:large, max-video-preview:-1\" \/>\n<link rel=\"canonical\" href=\"https:\/\/www.lazer-lampe.com\/en\/product\/wide-mount-kit-sentinel\/\" \/>\n<meta property=\"og:locale\" content=\"en_US\" \/>\n<meta property=\"og:type\" content=\"article\" \/>\n<meta property=\"og:title\" content=\"Kit de montage &quot;large&quot; (Sentinel) - Modulauto\" \/>\n<meta property=\"og:description\" content=\"Pour un syst\u00e8me de montage plus robuste pour votre lampe Sentinel, ne cherchez pas plus loin que le kit de montage \u00ab large \u00bb. Con\u00e7u pour un look plus \u00abr\u00e9sistant\u00bb, le support est fabriqu\u00e9 en aluminium moul\u00e9 sous pression, qui subit le m\u00eame pr\u00e9traitement anticorrosion...\" \/>\n<meta property=\"og:url\" content=\"https:\/\/www.lazer-lampe.com\/en\/product\/wide-mount-kit-sentinel\/\" \/>\n<meta property=\"og:site_name\" content=\"Modulauto\" \/>\n<meta property=\"article:modified_time\" content=\"2022-03-24T16:46:23+00:00\" \/>\n<meta property=\"og:image\" content=\"http:\/\/www.lazer-lampe.com\/wp-content\/uploads\/2021\/09\/1140K.jpg\" \/>\n\t<meta property=\"og:image:width\" content=\"1000\" \/>\n\t<meta property=\"og:image:height\" content=\"750\" \/>\n<meta name=\"twitter:card\" content=\"summary_large_image\" \/>\n<meta name=\"twitter:label1\" content=\"Est. reading time\" \/>\n\t<meta name=\"twitter:data1\" content=\"1 minute\" \/>\n<script type=\"application\/ld+json\" class=\"yoast-schema-graph\">{\"@context\":\"https:\/\/schema.org\",\"@graph\":[{\"@type\":\"WebSite\",\"@id\":\"https:\/\/www.lazer-lampe.com\/#website\",\"url\":\"https:\/\/www.lazer-lampe.com\/\",\"name\":\"Modulauto\",\"description\":\"Official reseller of Lazerlamps\",\"potentialAction\":[{\"@type\":\"SearchAction\",\"target\":{\"@type\":\"EntryPoint\",\"urlTemplate\":\"https:\/\/www.lazer-lampe.com\/?s={search_term_string}\"},\"query-input\":\"required name=search_term_string\"}],\"inLanguage\":\"en-US\"},{\"@type\":\"ImageObject\",\"@id\":\"https:\/\/www.lazer-lampe.com\/en\/product\/wide-mount-kit-sentinel\/#primaryimage\",\"inLanguage\":\"en-US\",\"url\":\"https:\/\/www.lazer-lampe.com\/wp-content\/uploads\/2021\/09\/1140K.jpg\",\"contentUrl\":\"https:\/\/www.lazer-lampe.com\/wp-content\/uploads\/2021\/09\/1140K.jpg\",\"width\":1000,\"height\":750},{\"@type\":\"WebPage\",\"@id\":\"https:\/\/www.lazer-lampe.com\/en\/product\/wide-mount-kit-sentinel\/#webpage\",\"url\":\"https:\/\/www.lazer-lampe.com\/en\/product\/wide-mount-kit-sentinel\/\",\"name\":\"Kit de montage \\\"large\\\" (Sentinel) - Modulauto\",\"isPartOf\":{\"@id\":\"https:\/\/www.lazer-lampe.com\/#website\"},\"primaryImageOfPage\":{\"@id\":\"https:\/\/www.lazer-lampe.com\/en\/product\/wide-mount-kit-sentinel\/#primaryimage\"},\"datePublished\":\"2021-09-01T10:39:40+00:00\",\"dateModified\":\"2022-03-24T16:46:23+00:00\",\"breadcrumb\":{\"@id\":\"https:\/\/www.lazer-lampe.com\/en\/product\/wide-mount-kit-sentinel\/#breadcrumb\"},\"inLanguage\":\"en-US\",\"potentialAction\":[{\"@type\":\"ReadAction\",\"target\":[\"https:\/\/www.lazer-lampe.com\/en\/product\/wide-mount-kit-sentinel\/\"]}]},{\"@type\":\"BreadcrumbList\",\"@id\":\"https:\/\/www.lazer-lampe.com\/en\/product\/wide-mount-kit-sentinel\/#breadcrumb\",\"itemListElement\":[{\"@type\":\"ListItem\",\"position\":1,\"name\":\"Home\",\"item\":\"https:\/\/www.lazer-lampe.com\/\"},{\"@type\":\"ListItem\",\"position\":2,\"name\":\"Shop\",\"item\":\"https:\/\/www.lazer-lampe.com\/shop\/\"},{\"@type\":\"ListItem\",\"position\":3,\"name\":\"Kit de montage &#8220;large&#8221; (Sentinel)\"}]}]}<\/script>\n<!-- \/ Yoast SEO plugin. -->","yoast_head_json":{"title":"Kit de montage \"large\" (Sentinel) - Modulauto","robots":{"index":"index","follow":"follow","max-snippet":"max-snippet:-1","max-image-preview":"max-image-preview:large","max-video-preview":"max-video-preview:-1"},"canonical":"https:\/\/www.lazer-lampe.com\/en\/product\/wide-mount-kit-sentinel\/","og_locale":"en_US","og_type":"article","og_title":"Kit de montage \"large\" (Sentinel) - Modulauto","og_description":"Pour un syst\u00e8me de montage plus robuste pour votre lampe Sentinel, ne cherchez pas plus loin que le kit de montage \u00ab large \u00bb. Con\u00e7u pour un look plus \u00abr\u00e9sistant\u00bb, le support est fabriqu\u00e9 en aluminium moul\u00e9 sous pression, qui subit le m\u00eame pr\u00e9traitement anticorrosion...","og_url":"https:\/\/www.lazer-lampe.com\/en\/product\/wide-mount-kit-sentinel\/","og_site_name":"Modulauto","article_modified_time":"2022-03-24T16:46:23+00:00","og_image":[{"width":1000,"height":750,"url":"http:\/\/www.lazer-lampe.com\/wp-content\/uploads\/2021\/09\/1140K.jpg","path":"\/home\/www\/lazer-lampe\/wp-content\/uploads\/2021\/09\/1140K.jpg","size":"full","id":6496,"alt":"","pixels":750000,"type":"image\/jpeg"}],"twitter_card":"summary_large_image","twitter_misc":{"Est. reading time":"1 minute"},"schema":{"@context":"https:\/\/schema.org","@graph":[{"@type":"WebSite","@id":"https:\/\/www.lazer-lampe.com\/#website","url":"https:\/\/www.lazer-lampe.com\/","name":"Modulauto","description":"Official reseller of Lazerlamps","potentialAction":[{"@type":"SearchAction","target":{"@type":"EntryPoint","urlTemplate":"https:\/\/www.lazer-lampe.com\/?s={search_term_string}"},"query-input":"required name=search_term_string"}],"inLanguage":"en-US"},{"@type":"ImageObject","@id":"https:\/\/www.lazer-lampe.com\/en\/product\/wide-mount-kit-sentinel\/#primaryimage","inLanguage":"en-US","url":"https:\/\/www.lazer-lampe.com\/wp-content\/uploads\/2021\/09\/1140K.jpg","contentUrl":"https:\/\/www.lazer-lampe.com\/wp-content\/uploads\/2021\/09\/1140K.jpg","width":1000,"height":750},{"@type":"WebPage","@id":"https:\/\/www.lazer-lampe.com\/en\/product\/wide-mount-kit-sentinel\/#webpage","url":"https:\/\/www.lazer-lampe.com\/en\/product\/wide-mount-kit-sentinel\/","name":"Kit de montage \"large\" (Sentinel) - Modulauto","isPartOf":{"@id":"https:\/\/www.lazer-lampe.com\/#website"},"primaryImageOfPage":{"@id":"https:\/\/www.lazer-lampe.com\/en\/product\/wide-mount-kit-sentinel\/#primaryimage"},"datePublished":"2021-09-01T10:39:40+00:00","dateModified":"2022-03-24T16:46:23+00:00","breadcrumb":{"@id":"https:\/\/www.lazer-lampe.com\/en\/product\/wide-mount-kit-sentinel\/#breadcrumb"},"inLanguage":"en-US","potentialAction":[{"@type":"ReadAction","target":["https:\/\/www.lazer-lampe.com\/en\/product\/wide-mount-kit-sentinel\/"]}]},{"@type":"BreadcrumbList","@id":"https:\/\/www.lazer-lampe.com\/en\/product\/wide-mount-kit-sentinel\/#breadcrumb","itemListElement":[{"@type":"ListItem","position":1,"name":"Home","item":"https:\/\/www.lazer-lampe.com\/"},{"@type":"ListItem","position":2,"name":"Shop","item":"https:\/\/www.lazer-lampe.com\/shop\/"},{"@type":"ListItem","position":3,"name":"Kit de montage &#8220;large&#8221; (Sentinel)"}]}]}},"_links":{"self":[{"href":"https:\/\/www.lazer-lampe.com\/en\/wp-json\/wp\/v2\/product\/6495","targetHints":{"allow":["GET"]}}],"collection":[{"href":"https:\/\/www.lazer-lampe.com\/en\/wp-json\/wp\/v2\/product"}],"about":[{"href":"https:\/\/www.lazer-lampe.com\/en\/wp-json\/wp\/v2\/types\/product"}],"wp:featuredmedia":[{"embeddable":true,"href":"https:\/\/www.lazer-lampe.com\/en\/wp-json\/wp\/v2\/media\/6496"}],"wp:attachment":[{"href":"https:\/\/www.lazer-lampe.com\/en\/wp-json\/wp\/v2\/media?parent=6495"}],"wp:term":[{"taxonomy":"product_cat","embeddable":true,"href":"https:\/\/www.lazer-lampe.com\/en\/wp-json\/wp\/v2\/product_cat?post=6495"},{"taxonomy":"product_tag","embeddable":true,"href":"https:\/\/www.lazer-lampe.com\/en\/wp-json\/wp\/v2\/product_tag?post=6495"}],"curies":[{"name":"wp","href":"https:\/\/api.w.org\/{rel}","templated":true}]}}