{"id":6471,"date":"2021-09-01T10:13:15","date_gmt":"2021-09-01T10:13:15","guid":{"rendered":"https:\/\/www.lazer-lampe.com\/?post_type=product&#038;p=6471"},"modified":"2022-03-24T16:48:14","modified_gmt":"2022-03-24T16:48:14","slug":"sentinel-elite-slim-mount","status":"publish","type":"product","link":"https:\/\/www.lazer-lampe.com\/en\/product\/sentinel-elite-slim-mount\/","title":{"rendered":"Sentinel Elite &#8211; montage &#8216;Slim&#8217;"},"content":{"rendered":"<div class=\"page-title-wrapper product\">\n<p id=\"tw-target-text\" class=\"tw-data-text tw-text-large tw-ta\" dir=\"ltr\" data-placeholder=\"Traduction\"><span class=\"Y2IQFc\" lang=\"fr\">Nouveaut\u00e9 pour 2021, la gamme Sentinel comprend des lampes rondes de 9 pouces qui combinent un design de produit haut de gamme distinctif, des performances d&#8217;\u00e9clairage sup\u00e9rieures et une qualit\u00e9 de construction symbolique du nom Lazer Lamps. Le produit Sentinel Elite est disponible avec un aspect interne noir \u00e9l\u00e9gant et une combinaison de 32 LED haute puissance, repr\u00e9sentant les meilleures performances d&#8217;\u00e9clairage attendues d&#8217;un produit portant l&#8217;\u00e9tiquette &#8220;Elite&#8221;. Mis \u00e0 part les performances d&#8217;\u00e9clairage, le style m\u00e9ticuleux du produit garantit qu&#8217;il s&#8217;agit d&#8217;un produit qui se d\u00e9marque pour toutes les bonnes raisons.<\/span><\/p>\n<\/div>\n<div class=\"product attribute overview\">\n<div class=\"value\">\n<p id=\"tw-target-text\" class=\"tw-data-text tw-text-large tw-ta\" dir=\"ltr\" data-placeholder=\"Traduction\"><span class=\"Y2IQFc\" lang=\"fr\">\u00c9mettant 15 232 lumens bruts, les lampes d\u00e9livrent 1 lux \u00e0 742 m, mais c&#8217;est dans la diffusion horizontale de la lumi\u00e8re \u00e0 52 degr\u00e9s et la visibilit\u00e9 sur les c\u00f4t\u00e9s de la route ou de la piste \u00e0 moyenne et longue port\u00e9e que la Sentinel Elite entre vraiment dans son poss\u00e9der. Pour une d\u00e9monstration des performances d&#8217;\u00e9clairage, veuillez cliquer sur la section vid\u00e9os ci-dessous. Comme tous les produits Lazer, la temp\u00e9rature de couleur \u00e0 un agr\u00e9able 5000K est agr\u00e9able pour les yeux, tout en maximisant la nettet\u00e9 et la d\u00e9finition des objets \u00e0 venir. La lampe est approuv\u00e9e par la CEE-ONU conform\u00e9ment au r\u00e8glement 112 en tant que feu de route, gr\u00e2ce \u00e0 l&#8217;adoption de la technologie E-Boost \u00e0 double sortie de Lazer\u00a0; fonctionnant \u00e0 100%, la puissance lumineuse est au-del\u00e0 de la limite autoris\u00e9e par la r\u00e9glementation ECE, donc retirer le capuchon Boost fourni \u00e0 l&#8217;arri\u00e8re de la lampe r\u00e9duit la puissance lumineuse pour qu&#8217;elle soit dans la limite autoris\u00e9e.<\/span><\/p>\n<p id=\"tw-target-text\" class=\"tw-data-text tw-text-large tw-ta\" dir=\"ltr\" data-placeholder=\"Traduction\"><span class=\"Y2IQFc\" lang=\"fr\">La conception fine de la variante noire de la lampe Sentinel est obtenue gr\u00e2ce \u00e0 l&#8217;adoption de cartes de circuits imprim\u00e9s noires et d&#8217;une lunette noire avec des d\u00e9tails de conception hexagonale complexes pour une apparence unique et contemporaine. L&#8217;attrait esth\u00e9tique de la lampe est renforc\u00e9 par le support de montage &#8220;mince&#8221; en aluminium moul\u00e9 sous pression, avec le timbre Sentinel, qui, comme les lampes elles-m\u00eames, a un pr\u00e9traitement de qualit\u00e9 automobile avant d&#8217;\u00eatre enduit de poudre noire satin\u00e9e. Le r\u00e9sultat est une finition haut de gamme sur le produit qui est enti\u00e8rement prot\u00e9g\u00e9 contre la d\u00e9t\u00e9rioration esth\u00e9tique ou la corrosion. Un support de montage &#8220;large&#8221; alternatif, ainsi qu&#8217;une gamme de : couvercles d&#8217;objectif, kit de barre de maintien et fixations antivol, sont disponibles en tant qu&#8217;accessoires en option.<\/span><\/p>\n<p id=\"tw-target-text\" class=\"tw-data-text tw-text-large tw-ta\" dir=\"ltr\" data-placeholder=\"Traduction\"><span class=\"Y2IQFc\" lang=\"fr\">Comme pour tous les produits Lazer, les lampes Sentinel ont \u00e9t\u00e9 con\u00e7ues, con\u00e7ues et fabriqu\u00e9es en interne, au Royaume-Uni. Il n&#8217;y a aucun compromis en ce qui concerne les composants ou les processus de construction pour obtenir un produit de qualit\u00e9 sup\u00e9rieure, tout en garantissant que plus que jamais, la g\u00e9rance de l&#8217;environnement et un programme ambitieux de r\u00e9duction des \u00e9missions de carbone ont \u00e9galement figur\u00e9 en bonne place dans la conception et la construction des produits Sentinel.<\/span><\/p>\n<\/div>\n<\/div>\n","protected":false},"excerpt":{"rendered":"<p>Nouveaut\u00e9 pour 2021, la gamme Sentinel comprend des lampes rondes de 9 pouces qui combinent un design de produit haut de gamme distinctif, des performances d&#8217;\u00e9clairage sup\u00e9rieures et une qualit\u00e9 de construction symbolique du nom Lazer Lamps. Le produit Sentinel Elite est disponible avec un&#8230;<\/p>\n","protected":false},"featured_media":6472,"template":"","meta":{"pgc_sgb_lightbox_settings":""},"product_cat":[301],"product_tag":[],"class_list":["post-6471","product","type-product","status-publish","has-post-thumbnail","hentry","product_cat-sentinel"],"yoast_head":"<!-- This site is optimized with the Yoast SEO plugin v17.2 - https:\/\/yoast.com\/wordpress\/plugins\/seo\/ -->\n<title>Sentinel Elite - montage &#039;Slim&#039; - Modulauto<\/title>\n<meta name=\"robots\" content=\"index, follow, max-snippet:-1, max-image-preview:large, max-video-preview:-1\" \/>\n<link rel=\"canonical\" href=\"https:\/\/www.lazer-lampe.com\/en\/product\/sentinel-elite-slim-mount\/\" \/>\n<meta property=\"og:locale\" content=\"en_US\" \/>\n<meta property=\"og:type\" content=\"article\" \/>\n<meta property=\"og:title\" content=\"Sentinel Elite - montage &#039;Slim&#039; - Modulauto\" \/>\n<meta property=\"og:description\" content=\"Nouveaut\u00e9 pour 2021, la gamme Sentinel comprend des lampes rondes de 9 pouces qui combinent un design de produit haut de gamme distinctif, des performances d&#8217;\u00e9clairage sup\u00e9rieures et une qualit\u00e9 de construction symbolique du nom Lazer Lamps. Le produit Sentinel Elite est disponible avec un...\" \/>\n<meta property=\"og:url\" content=\"https:\/\/www.lazer-lampe.com\/en\/product\/sentinel-elite-slim-mount\/\" \/>\n<meta property=\"og:site_name\" content=\"Modulauto\" \/>\n<meta property=\"article:modified_time\" content=\"2022-03-24T16:48:14+00:00\" \/>\n<meta property=\"og:image\" content=\"http:\/\/www.lazer-lampe.com\/wp-content\/uploads\/2021\/09\/0S9-ELITE-SM.jpg\" \/>\n\t<meta property=\"og:image:width\" content=\"1000\" \/>\n\t<meta property=\"og:image:height\" content=\"750\" \/>\n<meta name=\"twitter:card\" content=\"summary_large_image\" \/>\n<meta name=\"twitter:label1\" content=\"Est. reading time\" \/>\n\t<meta name=\"twitter:data1\" content=\"3 minutes\" \/>\n<script type=\"application\/ld+json\" class=\"yoast-schema-graph\">{\"@context\":\"https:\/\/schema.org\",\"@graph\":[{\"@type\":\"WebSite\",\"@id\":\"https:\/\/www.lazer-lampe.com\/#website\",\"url\":\"https:\/\/www.lazer-lampe.com\/\",\"name\":\"Modulauto\",\"description\":\"Official reseller of Lazerlamps\",\"potentialAction\":[{\"@type\":\"SearchAction\",\"target\":{\"@type\":\"EntryPoint\",\"urlTemplate\":\"https:\/\/www.lazer-lampe.com\/?s={search_term_string}\"},\"query-input\":\"required name=search_term_string\"}],\"inLanguage\":\"en-US\"},{\"@type\":\"ImageObject\",\"@id\":\"https:\/\/www.lazer-lampe.com\/en\/product\/sentinel-elite-slim-mount\/#primaryimage\",\"inLanguage\":\"en-US\",\"url\":\"https:\/\/www.lazer-lampe.com\/wp-content\/uploads\/2021\/09\/0S9-ELITE-SM.jpg\",\"contentUrl\":\"https:\/\/www.lazer-lampe.com\/wp-content\/uploads\/2021\/09\/0S9-ELITE-SM.jpg\",\"width\":1000,\"height\":750},{\"@type\":\"WebPage\",\"@id\":\"https:\/\/www.lazer-lampe.com\/en\/product\/sentinel-elite-slim-mount\/#webpage\",\"url\":\"https:\/\/www.lazer-lampe.com\/en\/product\/sentinel-elite-slim-mount\/\",\"name\":\"Sentinel Elite - montage 'Slim' - Modulauto\",\"isPartOf\":{\"@id\":\"https:\/\/www.lazer-lampe.com\/#website\"},\"primaryImageOfPage\":{\"@id\":\"https:\/\/www.lazer-lampe.com\/en\/product\/sentinel-elite-slim-mount\/#primaryimage\"},\"datePublished\":\"2021-09-01T10:13:15+00:00\",\"dateModified\":\"2022-03-24T16:48:14+00:00\",\"breadcrumb\":{\"@id\":\"https:\/\/www.lazer-lampe.com\/en\/product\/sentinel-elite-slim-mount\/#breadcrumb\"},\"inLanguage\":\"en-US\",\"potentialAction\":[{\"@type\":\"ReadAction\",\"target\":[\"https:\/\/www.lazer-lampe.com\/en\/product\/sentinel-elite-slim-mount\/\"]}]},{\"@type\":\"BreadcrumbList\",\"@id\":\"https:\/\/www.lazer-lampe.com\/en\/product\/sentinel-elite-slim-mount\/#breadcrumb\",\"itemListElement\":[{\"@type\":\"ListItem\",\"position\":1,\"name\":\"Home\",\"item\":\"https:\/\/www.lazer-lampe.com\/\"},{\"@type\":\"ListItem\",\"position\":2,\"name\":\"Shop\",\"item\":\"https:\/\/www.lazer-lampe.com\/shop\/\"},{\"@type\":\"ListItem\",\"position\":3,\"name\":\"Sentinel Elite &#8211; montage &#8216;Slim&#8217;\"}]}]}<\/script>\n<!-- \/ Yoast SEO plugin. -->","yoast_head_json":{"title":"Sentinel Elite - montage 'Slim' - Modulauto","robots":{"index":"index","follow":"follow","max-snippet":"max-snippet:-1","max-image-preview":"max-image-preview:large","max-video-preview":"max-video-preview:-1"},"canonical":"https:\/\/www.lazer-lampe.com\/en\/product\/sentinel-elite-slim-mount\/","og_locale":"en_US","og_type":"article","og_title":"Sentinel Elite - montage 'Slim' - Modulauto","og_description":"Nouveaut\u00e9 pour 2021, la gamme Sentinel comprend des lampes rondes de 9 pouces qui combinent un design de produit haut de gamme distinctif, des performances d&#8217;\u00e9clairage sup\u00e9rieures et une qualit\u00e9 de construction symbolique du nom Lazer Lamps. Le produit Sentinel Elite est disponible avec un...","og_url":"https:\/\/www.lazer-lampe.com\/en\/product\/sentinel-elite-slim-mount\/","og_site_name":"Modulauto","article_modified_time":"2022-03-24T16:48:14+00:00","og_image":[{"width":1000,"height":750,"url":"http:\/\/www.lazer-lampe.com\/wp-content\/uploads\/2021\/09\/0S9-ELITE-SM.jpg","path":"\/home\/www\/lazer-lampe\/wp-content\/uploads\/2021\/09\/0S9-ELITE-SM.jpg","size":"full","id":6472,"alt":"","pixels":750000,"type":"image\/jpeg"}],"twitter_card":"summary_large_image","twitter_misc":{"Est. reading time":"3 minutes"},"schema":{"@context":"https:\/\/schema.org","@graph":[{"@type":"WebSite","@id":"https:\/\/www.lazer-lampe.com\/#website","url":"https:\/\/www.lazer-lampe.com\/","name":"Modulauto","description":"Official reseller of Lazerlamps","potentialAction":[{"@type":"SearchAction","target":{"@type":"EntryPoint","urlTemplate":"https:\/\/www.lazer-lampe.com\/?s={search_term_string}"},"query-input":"required name=search_term_string"}],"inLanguage":"en-US"},{"@type":"ImageObject","@id":"https:\/\/www.lazer-lampe.com\/en\/product\/sentinel-elite-slim-mount\/#primaryimage","inLanguage":"en-US","url":"https:\/\/www.lazer-lampe.com\/wp-content\/uploads\/2021\/09\/0S9-ELITE-SM.jpg","contentUrl":"https:\/\/www.lazer-lampe.com\/wp-content\/uploads\/2021\/09\/0S9-ELITE-SM.jpg","width":1000,"height":750},{"@type":"WebPage","@id":"https:\/\/www.lazer-lampe.com\/en\/product\/sentinel-elite-slim-mount\/#webpage","url":"https:\/\/www.lazer-lampe.com\/en\/product\/sentinel-elite-slim-mount\/","name":"Sentinel Elite - montage 'Slim' - Modulauto","isPartOf":{"@id":"https:\/\/www.lazer-lampe.com\/#website"},"primaryImageOfPage":{"@id":"https:\/\/www.lazer-lampe.com\/en\/product\/sentinel-elite-slim-mount\/#primaryimage"},"datePublished":"2021-09-01T10:13:15+00:00","dateModified":"2022-03-24T16:48:14+00:00","breadcrumb":{"@id":"https:\/\/www.lazer-lampe.com\/en\/product\/sentinel-elite-slim-mount\/#breadcrumb"},"inLanguage":"en-US","potentialAction":[{"@type":"ReadAction","target":["https:\/\/www.lazer-lampe.com\/en\/product\/sentinel-elite-slim-mount\/"]}]},{"@type":"BreadcrumbList","@id":"https:\/\/www.lazer-lampe.com\/en\/product\/sentinel-elite-slim-mount\/#breadcrumb","itemListElement":[{"@type":"ListItem","position":1,"name":"Home","item":"https:\/\/www.lazer-lampe.com\/"},{"@type":"ListItem","position":2,"name":"Shop","item":"https:\/\/www.lazer-lampe.com\/shop\/"},{"@type":"ListItem","position":3,"name":"Sentinel Elite &#8211; montage &#8216;Slim&#8217;"}]}]}},"_links":{"self":[{"href":"https:\/\/www.lazer-lampe.com\/en\/wp-json\/wp\/v2\/product\/6471","targetHints":{"allow":["GET"]}}],"collection":[{"href":"https:\/\/www.lazer-lampe.com\/en\/wp-json\/wp\/v2\/product"}],"about":[{"href":"https:\/\/www.lazer-lampe.com\/en\/wp-json\/wp\/v2\/types\/product"}],"wp:featuredmedia":[{"embeddable":true,"href":"https:\/\/www.lazer-lampe.com\/en\/wp-json\/wp\/v2\/media\/6472"}],"wp:attachment":[{"href":"https:\/\/www.lazer-lampe.com\/en\/wp-json\/wp\/v2\/media?parent=6471"}],"wp:term":[{"taxonomy":"product_cat","embeddable":true,"href":"https:\/\/www.lazer-lampe.com\/en\/wp-json\/wp\/v2\/product_cat?post=6471"},{"taxonomy":"product_tag","embeddable":true,"href":"https:\/\/www.lazer-lampe.com\/en\/wp-json\/wp\/v2\/product_tag?post=6471"}],"curies":[{"name":"wp","href":"https:\/\/api.w.org\/{rel}","templated":true}]}}