{"id":6438,"date":"2021-09-01T08:19:48","date_gmt":"2021-09-01T08:33:40","guid":{"rendered":"https:\/\/www.lazer-lampe.com\/product\/sentinel-with-pos-light-slim-mount\/"},"modified":"2022-03-24T16:52:32","modified_gmt":"2022-03-24T16:52:32","slug":"0s9-pl-sm","status":"publish","type":"product","link":"https:\/\/www.lazer-lampe.com\/en\/product\/0s9-pl-sm\/","title":{"rendered":"Sentinel (avec feux de position) &#8211; montage &#8216;Slim&#8217;"},"content":{"rendered":"<p id=\"tw-target-text\" class=\"tw-data-text tw-text-large tw-ta\" dir=\"ltr\" data-placeholder=\"Traduction\"><span class=\"Y2IQFc\" lang=\"fr\">Nouveaut\u00e9 pour 2021, la gamme Sentinel comprend des lampes rondes de 9 pouces qui combinent un design de produit haut de gamme distinctif, des performances d&#8217;\u00e9clairage sup\u00e9rieures et une qualit\u00e9 de construction symbolique du nom Lazer Lamps. Disponible dans les grades Standard ou Elite, le premier int\u00e8gre 20 LED haute puissance et est disponible avec une finition noire ou chrom\u00e9e \u00e0 l&#8217;int\u00e9rieur de la lampe. Le produit Elite, en comparaison, n&#8217;est disponible qu&#8217;avec l&#8217;apparence interne noire, mais avec une combinaison de 32 LED haute puissance, il repr\u00e9sente les meilleures performances d&#8217;\u00e9clairage attendues d&#8217;un produit portant l&#8217;\u00e9tiquette &#8220;Elite&#8221;.<\/span><\/p>\n<p>Les lampes Sentinel Black et Chrome, de la gamme &#8220;Standard&#8221;, produisent les m\u00eames performances d&#8217;\u00e9clairage. \u00c9mettant 9 529 lumens bruts, les lampes d\u00e9livrent 1 lux atteignant plus de 700 m ; impressionnant en soi, mais compte tenu de l&#8217;angle de faisceau horizontal de 52 degr\u00e9s, il s&#8217;agit d&#8217;un produit qui a \u00e9t\u00e9 con\u00e7u pour offrir une visibilit\u00e9 maximale pour toutes sortes d&#8217;utilisations sur route et hors route. Comme tous les produits Lazer, la temp\u00e9rature de couleur \u00e0 un agr\u00e9able 5000K est agr\u00e9able pour les yeux, tout en maximisant la nettet\u00e9 et la d\u00e9finition des objets \u00e0 venir. La lampe est approuv\u00e9e par la CEE-ONU conform\u00e9ment au r\u00e8glement 112 en tant que feu de route, gr\u00e2ce \u00e0 l&#8217;adoption de la technologie E-Boost \u00e0 double sortie de Lazer\u00a0; fonctionnant \u00e0 100%, la puissance lumineuse est au-del\u00e0 de la limite autoris\u00e9e par la r\u00e9glementation ECE, donc retirer le capuchon Boost fourni \u00e0 l&#8217;arri\u00e8re de la lampe r\u00e9duit la puissance lumineuse pour qu&#8217;elle soit dans la limite autoris\u00e9e.<\/p>\n<p id=\"tw-target-text\" class=\"tw-data-text tw-text-large tw-ta\" dir=\"ltr\" data-placeholder=\"Traduction\"><span class=\"Y2IQFc\" lang=\"fr\">La conception fine de la variante noire de la lampe Sentinel est obtenue gr\u00e2ce \u00e0 l&#8217;adoption de cartes de circuits imprim\u00e9s noires et d&#8217;une lunette noire avec des d\u00e9tails de conception hexagonale complexes pour une apparence unique et contemporaine. \u00c0 l&#8217;int\u00e9rieur de la lampe, il est possible de connecter une fonction de feu de position\/lat\u00e9ral blanc ou orange, pour un look encore plus distinct, avec la version blanche approuv\u00e9e selon le r\u00e8glement 7 de la CEE-ONU.<\/span><\/p>\n<p id=\"tw-target-text\" class=\"tw-data-text tw-text-large tw-ta\" dir=\"ltr\" data-placeholder=\"Traduction\"><span class=\"Y2IQFc\" lang=\"fr\">Les lampes sont fournies avec un support de montage en aluminium moul\u00e9 sous pression &#8220;mince&#8221;, qui, comme les lampes elles-m\u00eames, subit un pr\u00e9traitement de qualit\u00e9 automobile avant d&#8217;\u00eatre recouvert d&#8217;un rev\u00eatement en poudre noir satin\u00e9, pour un produit prot\u00e9g\u00e9 contre la d\u00e9t\u00e9rioration esth\u00e9tique ou la corrosion. Un support de montage &#8220;large&#8221; alternatif, ainsi qu&#8217;une gamme de : couvercles d&#8217;objectif, kit de barre de maintien et fixations antivol, sont disponibles en tant qu&#8217;accessoires en option.<\/span><\/p>\n<p>Comme pour tous les produits Lazer, les lampes Sentinel ont \u00e9t\u00e9 con\u00e7ues, con\u00e7ues et fabriqu\u00e9es en interne, au Royaume-Uni. Il n&#8217;y a aucun compromis en ce qui concerne les composants ou les processus de construction pour obtenir un produit de qualit\u00e9 sup\u00e9rieure, tout en garantissant que plus que jamais, la g\u00e9rance de l&#8217;environnement et un programme ambitieux de r\u00e9duction des \u00e9missions de carbone ont \u00e9galement figur\u00e9 en bonne place dans la conception et la construction des produits Sentinel.<\/p>\n","protected":false},"excerpt":{"rendered":"<p>Nouveaut\u00e9 pour 2021, la gamme Sentinel comprend des lampes rondes de 9 pouces qui combinent un design de produit haut de gamme distinctif, des performances d&#8217;\u00e9clairage sup\u00e9rieures et une qualit\u00e9 de construction symbolique du nom Lazer Lamps. Disponible dans les grades Standard ou Elite, le&#8230;<\/p>\n","protected":false},"featured_media":6410,"template":"","meta":{"pgc_sgb_lightbox_settings":""},"product_cat":[301],"product_tag":[],"class_list":["post-6438","product","type-product","status-publish","has-post-thumbnail","hentry","product_cat-sentinel"],"yoast_head":"<!-- This site is optimized with the Yoast SEO plugin v17.2 - https:\/\/yoast.com\/wordpress\/plugins\/seo\/ -->\n<title>Sentinel (avec feux de position) - montage &#039;Slim&#039; - Modulauto<\/title>\n<meta name=\"robots\" content=\"index, follow, max-snippet:-1, max-image-preview:large, max-video-preview:-1\" \/>\n<link rel=\"canonical\" href=\"https:\/\/www.lazer-lampe.com\/en\/product\/0s9-pl-sm\/\" \/>\n<meta property=\"og:locale\" content=\"en_US\" \/>\n<meta property=\"og:type\" content=\"article\" \/>\n<meta property=\"og:title\" content=\"Sentinel (avec feux de position) - montage &#039;Slim&#039; - Modulauto\" \/>\n<meta property=\"og:description\" content=\"Nouveaut\u00e9 pour 2021, la gamme Sentinel comprend des lampes rondes de 9 pouces qui combinent un design de produit haut de gamme distinctif, des performances d&#8217;\u00e9clairage sup\u00e9rieures et une qualit\u00e9 de construction symbolique du nom Lazer Lamps. Disponible dans les grades Standard ou Elite, le...\" \/>\n<meta property=\"og:url\" content=\"https:\/\/www.lazer-lampe.com\/en\/product\/0s9-pl-sm\/\" \/>\n<meta property=\"og:site_name\" content=\"Modulauto\" \/>\n<meta property=\"article:modified_time\" content=\"2022-03-24T16:52:32+00:00\" \/>\n<meta property=\"og:image\" content=\"http:\/\/www.lazer-lampe.com\/wp-content\/uploads\/2021\/09\/0S9-PL-SM.jpg\" \/>\n\t<meta property=\"og:image:width\" content=\"1000\" \/>\n\t<meta property=\"og:image:height\" content=\"750\" \/>\n<meta name=\"twitter:card\" content=\"summary_large_image\" \/>\n<meta name=\"twitter:label1\" content=\"Est. reading time\" \/>\n\t<meta name=\"twitter:data1\" content=\"3 minutes\" \/>\n<script type=\"application\/ld+json\" class=\"yoast-schema-graph\">{\"@context\":\"https:\/\/schema.org\",\"@graph\":[{\"@type\":\"WebSite\",\"@id\":\"https:\/\/www.lazer-lampe.com\/#website\",\"url\":\"https:\/\/www.lazer-lampe.com\/\",\"name\":\"Modulauto\",\"description\":\"Official reseller of Lazerlamps\",\"potentialAction\":[{\"@type\":\"SearchAction\",\"target\":{\"@type\":\"EntryPoint\",\"urlTemplate\":\"https:\/\/www.lazer-lampe.com\/?s={search_term_string}\"},\"query-input\":\"required name=search_term_string\"}],\"inLanguage\":\"en-US\"},{\"@type\":\"ImageObject\",\"@id\":\"https:\/\/www.lazer-lampe.com\/en\/product\/0s9-pl-sm\/#primaryimage\",\"inLanguage\":\"en-US\",\"url\":\"https:\/\/www.lazer-lampe.com\/wp-content\/uploads\/2021\/09\/0S9-PL-SM.jpg\",\"contentUrl\":\"https:\/\/www.lazer-lampe.com\/wp-content\/uploads\/2021\/09\/0S9-PL-SM.jpg\",\"width\":1000,\"height\":750},{\"@type\":\"WebPage\",\"@id\":\"https:\/\/www.lazer-lampe.com\/en\/product\/0s9-pl-sm\/#webpage\",\"url\":\"https:\/\/www.lazer-lampe.com\/en\/product\/0s9-pl-sm\/\",\"name\":\"Sentinel (avec feux de position) - montage 'Slim' - Modulauto\",\"isPartOf\":{\"@id\":\"https:\/\/www.lazer-lampe.com\/#website\"},\"primaryImageOfPage\":{\"@id\":\"https:\/\/www.lazer-lampe.com\/en\/product\/0s9-pl-sm\/#primaryimage\"},\"datePublished\":\"2021-09-01T08:33:40+00:00\",\"dateModified\":\"2022-03-24T16:52:32+00:00\",\"breadcrumb\":{\"@id\":\"https:\/\/www.lazer-lampe.com\/en\/product\/0s9-pl-sm\/#breadcrumb\"},\"inLanguage\":\"en-US\",\"potentialAction\":[{\"@type\":\"ReadAction\",\"target\":[\"https:\/\/www.lazer-lampe.com\/en\/product\/0s9-pl-sm\/\"]}]},{\"@type\":\"BreadcrumbList\",\"@id\":\"https:\/\/www.lazer-lampe.com\/en\/product\/0s9-pl-sm\/#breadcrumb\",\"itemListElement\":[{\"@type\":\"ListItem\",\"position\":1,\"name\":\"Home\",\"item\":\"https:\/\/www.lazer-lampe.com\/\"},{\"@type\":\"ListItem\",\"position\":2,\"name\":\"Shop\",\"item\":\"https:\/\/www.lazer-lampe.com\/shop\/\"},{\"@type\":\"ListItem\",\"position\":3,\"name\":\"Sentinel (avec feux de position) &#8211; montage &#8216;Slim&#8217;\"}]}]}<\/script>\n<!-- \/ Yoast SEO plugin. -->","yoast_head_json":{"title":"Sentinel (avec feux de position) - montage 'Slim' - Modulauto","robots":{"index":"index","follow":"follow","max-snippet":"max-snippet:-1","max-image-preview":"max-image-preview:large","max-video-preview":"max-video-preview:-1"},"canonical":"https:\/\/www.lazer-lampe.com\/en\/product\/0s9-pl-sm\/","og_locale":"en_US","og_type":"article","og_title":"Sentinel (avec feux de position) - montage 'Slim' - Modulauto","og_description":"Nouveaut\u00e9 pour 2021, la gamme Sentinel comprend des lampes rondes de 9 pouces qui combinent un design de produit haut de gamme distinctif, des performances d&#8217;\u00e9clairage sup\u00e9rieures et une qualit\u00e9 de construction symbolique du nom Lazer Lamps. Disponible dans les grades Standard ou Elite, le...","og_url":"https:\/\/www.lazer-lampe.com\/en\/product\/0s9-pl-sm\/","og_site_name":"Modulauto","article_modified_time":"2022-03-24T16:52:32+00:00","og_image":[{"width":1000,"height":750,"url":"http:\/\/www.lazer-lampe.com\/wp-content\/uploads\/2021\/09\/0S9-PL-SM.jpg","path":"\/home\/www\/lazer-lampe\/wp-content\/uploads\/2021\/09\/0S9-PL-SM.jpg","size":"full","id":6410,"alt":"","pixels":750000,"type":"image\/jpeg"}],"twitter_card":"summary_large_image","twitter_misc":{"Est. reading time":"3 minutes"},"schema":{"@context":"https:\/\/schema.org","@graph":[{"@type":"WebSite","@id":"https:\/\/www.lazer-lampe.com\/#website","url":"https:\/\/www.lazer-lampe.com\/","name":"Modulauto","description":"Official reseller of Lazerlamps","potentialAction":[{"@type":"SearchAction","target":{"@type":"EntryPoint","urlTemplate":"https:\/\/www.lazer-lampe.com\/?s={search_term_string}"},"query-input":"required name=search_term_string"}],"inLanguage":"en-US"},{"@type":"ImageObject","@id":"https:\/\/www.lazer-lampe.com\/en\/product\/0s9-pl-sm\/#primaryimage","inLanguage":"en-US","url":"https:\/\/www.lazer-lampe.com\/wp-content\/uploads\/2021\/09\/0S9-PL-SM.jpg","contentUrl":"https:\/\/www.lazer-lampe.com\/wp-content\/uploads\/2021\/09\/0S9-PL-SM.jpg","width":1000,"height":750},{"@type":"WebPage","@id":"https:\/\/www.lazer-lampe.com\/en\/product\/0s9-pl-sm\/#webpage","url":"https:\/\/www.lazer-lampe.com\/en\/product\/0s9-pl-sm\/","name":"Sentinel (avec feux de position) - montage 'Slim' - Modulauto","isPartOf":{"@id":"https:\/\/www.lazer-lampe.com\/#website"},"primaryImageOfPage":{"@id":"https:\/\/www.lazer-lampe.com\/en\/product\/0s9-pl-sm\/#primaryimage"},"datePublished":"2021-09-01T08:33:40+00:00","dateModified":"2022-03-24T16:52:32+00:00","breadcrumb":{"@id":"https:\/\/www.lazer-lampe.com\/en\/product\/0s9-pl-sm\/#breadcrumb"},"inLanguage":"en-US","potentialAction":[{"@type":"ReadAction","target":["https:\/\/www.lazer-lampe.com\/en\/product\/0s9-pl-sm\/"]}]},{"@type":"BreadcrumbList","@id":"https:\/\/www.lazer-lampe.com\/en\/product\/0s9-pl-sm\/#breadcrumb","itemListElement":[{"@type":"ListItem","position":1,"name":"Home","item":"https:\/\/www.lazer-lampe.com\/"},{"@type":"ListItem","position":2,"name":"Shop","item":"https:\/\/www.lazer-lampe.com\/shop\/"},{"@type":"ListItem","position":3,"name":"Sentinel (avec feux de position) &#8211; montage &#8216;Slim&#8217;"}]}]}},"_links":{"self":[{"href":"https:\/\/www.lazer-lampe.com\/en\/wp-json\/wp\/v2\/product\/6438","targetHints":{"allow":["GET"]}}],"collection":[{"href":"https:\/\/www.lazer-lampe.com\/en\/wp-json\/wp\/v2\/product"}],"about":[{"href":"https:\/\/www.lazer-lampe.com\/en\/wp-json\/wp\/v2\/types\/product"}],"wp:featuredmedia":[{"embeddable":true,"href":"https:\/\/www.lazer-lampe.com\/en\/wp-json\/wp\/v2\/media\/6410"}],"wp:attachment":[{"href":"https:\/\/www.lazer-lampe.com\/en\/wp-json\/wp\/v2\/media?parent=6438"}],"wp:term":[{"taxonomy":"product_cat","embeddable":true,"href":"https:\/\/www.lazer-lampe.com\/en\/wp-json\/wp\/v2\/product_cat?post=6438"},{"taxonomy":"product_tag","embeddable":true,"href":"https:\/\/www.lazer-lampe.com\/en\/wp-json\/wp\/v2\/product_tag?post=6438"}],"curies":[{"name":"wp","href":"https:\/\/api.w.org\/{rel}","templated":true}]}}